{"id":368,"date":"2025-07-15T16:43:44","date_gmt":"2025-07-15T16:43:44","guid":{"rendered":"https:\/\/kimleyhornpdev.wpenginepowered.com\/our-team-spanish\/"},"modified":"2025-12-04T21:25:16","modified_gmt":"2025-12-04T21:25:16","slug":"nuestro-equipo","status":"publish","type":"page","link":"https:\/\/www.kimley-hornpr.com\/es\/nuestro-equipo\/","title":{"rendered":"Nuestro Equipo"},"content":{"rendered":"\t\t<div data-elementor-type=\"wp-page\" data-elementor-id=\"368\" class=\"elementor elementor-368\" data-elementor-post-type=\"page\">\n\t\t\t\t<div class=\"elementor-element elementor-element-8ac4bb5 e-flex e-con-boxed e-con e-parent\" data-id=\"8ac4bb5\" data-element_type=\"container\" data-settings=\"{&quot;background_background&quot;:&quot;gradient&quot;}\">\n\t\t\t\t\t<div class=\"e-con-inner\">\n\t\t\t\t<div class=\"elementor-element elementor-element-f04cdb9 elementor-widget elementor-widget-heading\" data-id=\"f04cdb9\" data-element_type=\"widget\" data-widget_type=\"heading.default\">\n\t\t\t\t<div class=\"elementor-widget-container\">\n\t\t\t\t\t<h2 class=\"elementor-heading-title elementor-size-default\">Nuestro Equipo<\/h2>\t\t\t\t<\/div>\n\t\t\t\t<\/div>\n\t\t\t\t\t<\/div>\n\t\t\t\t<\/div>\n\t\t<div class=\"elementor-element elementor-element-9991813 e-flex e-con-boxed e-con e-parent\" data-id=\"9991813\" data-element_type=\"container\" data-settings=\"{&quot;background_background&quot;:&quot;classic&quot;}\">\n\t\t\t\t\t<div class=\"e-con-inner\">\n\t\t\t\t<div class=\"elementor-element elementor-element-1f4342e elementor-widget elementor-widget-heading\" data-id=\"1f4342e\" data-element_type=\"widget\" data-widget_type=\"heading.default\">\n\t\t\t\t<div class=\"elementor-widget-container\">\n\t\t\t\t\t<h2 class=\"elementor-heading-title elementor-size-default\">Sus socios locales para el \u00e9xito.<\/h2>\t\t\t\t<\/div>\n\t\t\t\t<\/div>\n\t\t\t\t<div class=\"elementor-element elementor-element-4849579 elementor-widget elementor-widget-text-editor\" data-id=\"4849579\" data-element_type=\"widget\" data-widget_type=\"text-editor.default\">\n\t\t\t\t<div class=\"elementor-widget-container\">\n\t\t\t\t\t\t\t\t\t<p>En <span style=\"color: #a20c33;\"><strong>Kimley-Horn Puerto Rico<\/strong><\/span>, trabajamos para reducir su riesgo y ofrecemos gran valor en proyectos de infraestructura p\u00fablica o desarrollo privado.<\/p><p>Durante los \u00faltimos 15 a\u00f1os, nuestra oficina local ha brindado resultados confiables: todos los proyectos se desarrollan, obtienen los permisos y se construyen con \u00e9xito, a tiempo y dentro del presupuesto asignado.<\/p>\t\t\t\t\t\t\t\t<\/div>\n\t\t\t\t<\/div>\n\t\t\t\t\t<\/div>\n\t\t\t\t<\/div>\n\t\t<div class=\"elementor-element elementor-element-e25bf46 e-flex e-con-boxed e-con e-parent\" data-id=\"e25bf46\" data-element_type=\"container\">\n\t\t\t\t\t<div class=\"e-con-inner\">\n\t\t<div class=\"elementor-element elementor-element-7868dcd e-con-full e-flex e-con e-child\" data-id=\"7868dcd\" data-element_type=\"container\">\n\t\t\t\t<div class=\"elementor-element elementor-element-6ffa021 elementor-position-top elementor-widget elementor-widget-image-box\" data-id=\"6ffa021\" data-element_type=\"widget\" data-widget_type=\"image-box.default\">\n\t\t\t\t<div class=\"elementor-widget-container\">\n\t\t\t\t\t<div class=\"elementor-image-box-wrapper\"><figure class=\"elementor-image-box-img\"><img decoding=\"async\" width=\"200\" height=\"200\" src=\"https:\/\/www.kimley-hornpr.com\/wp-content\/uploads\/2025\/09\/eileen-velez-vega.jpg\" class=\"attachment-full size-full wp-image-338\" alt=\"\" srcset=\"https:\/\/www.kimley-hornpr.com\/wp-content\/uploads\/2025\/09\/eileen-velez-vega.jpg 200w, https:\/\/www.kimley-hornpr.com\/wp-content\/uploads\/2025\/09\/eileen-velez-vega-150x150.jpg 150w\" sizes=\"(max-width: 200px) 100vw, 200px\" \/><\/figure><div class=\"elementor-image-box-content\"><h3 class=\"elementor-image-box-title\">EILEEN V\u00c9LEZ <br>VEGA, PE<\/h3><p class=\"elementor-image-box-description\">Transporte \/ Gesti\u00f3n y Operaci\u00f3n de Sistemas de Transporte<\/p><\/div><\/div>\t\t\t\t<\/div>\n\t\t\t\t<\/div>\n\t\t\t\t<\/div>\n\t\t<div class=\"elementor-element elementor-element-c29e188 e-con-full e-flex e-con e-child\" data-id=\"c29e188\" data-element_type=\"container\">\n\t\t\t\t<div class=\"elementor-element elementor-element-1828272 elementor-position-top elementor-widget elementor-widget-image-box\" data-id=\"1828272\" data-element_type=\"widget\" data-widget_type=\"image-box.default\">\n\t\t\t\t<div class=\"elementor-widget-container\">\n\t\t\t\t\t<div class=\"elementor-image-box-wrapper\"><figure class=\"elementor-image-box-img\"><img decoding=\"async\" width=\"200\" height=\"200\" src=\"https:\/\/www.kimley-hornpr.com\/wp-content\/uploads\/2025\/09\/ruth-robles-rodriguez.jpg\" class=\"attachment-full size-full wp-image-332\" alt=\"\" srcset=\"https:\/\/www.kimley-hornpr.com\/wp-content\/uploads\/2025\/09\/ruth-robles-rodriguez.jpg 200w, https:\/\/www.kimley-hornpr.com\/wp-content\/uploads\/2025\/09\/ruth-robles-rodriguez-150x150.jpg 150w\" sizes=\"(max-width: 200px) 100vw, 200px\" \/><\/figure><div class=\"elementor-image-box-content\"><h3 class=\"elementor-image-box-title\">RUTH ROBLES RODR\u00cdGUEZ, PE<\/h3><p class=\"elementor-image-box-description\">Servicio de Desarrollo<\/p><\/div><\/div>\t\t\t\t<\/div>\n\t\t\t\t<\/div>\n\t\t\t\t<\/div>\n\t\t<div class=\"elementor-element elementor-element-ebfe8fa e-con-full e-flex e-con e-child\" data-id=\"ebfe8fa\" data-element_type=\"container\">\n\t\t\t\t<div class=\"elementor-element elementor-element-4276c7b elementor-position-top elementor-widget elementor-widget-image-box\" data-id=\"4276c7b\" data-element_type=\"widget\" data-widget_type=\"image-box.default\">\n\t\t\t\t<div class=\"elementor-widget-container\">\n\t\t\t\t\t<div class=\"elementor-image-box-wrapper\"><figure class=\"elementor-image-box-img\"><img decoding=\"async\" width=\"200\" height=\"200\" src=\"https:\/\/www.kimley-hornpr.com\/wp-content\/uploads\/2025\/09\/sandra-gutierrez-davila.jpg\" class=\"attachment-full size-full wp-image-337\" alt=\"\" srcset=\"https:\/\/www.kimley-hornpr.com\/wp-content\/uploads\/2025\/09\/sandra-gutierrez-davila.jpg 200w, https:\/\/www.kimley-hornpr.com\/wp-content\/uploads\/2025\/09\/sandra-gutierrez-davila-150x150.jpg 150w\" sizes=\"(max-width: 200px) 100vw, 200px\" \/><\/figure><div class=\"elementor-image-box-content\"><h3 class=\"elementor-image-box-title\">SANDRA GUTI\u00c9RREZ D\u00c1VILA<\/h3><p class=\"elementor-image-box-description\">Mercadeo<\/p><\/div><\/div>\t\t\t\t<\/div>\n\t\t\t\t<\/div>\n\t\t\t\t<\/div>\n\t\t<div class=\"elementor-element elementor-element-c1f195f e-con-full e-flex e-con e-child\" data-id=\"c1f195f\" data-element_type=\"container\">\n\t\t\t\t<div class=\"elementor-element elementor-element-4ae925c elementor-position-top elementor-widget elementor-widget-image-box\" data-id=\"4ae925c\" data-element_type=\"widget\" data-widget_type=\"image-box.default\">\n\t\t\t\t<div class=\"elementor-widget-container\">\n\t\t\t\t\t<div class=\"elementor-image-box-wrapper\"><figure class=\"elementor-image-box-img\"><img loading=\"lazy\" decoding=\"async\" width=\"200\" height=\"200\" src=\"https:\/\/www.kimley-hornpr.com\/wp-content\/uploads\/2025\/09\/jose-garcia-betancourt.jpg\" class=\"attachment-full size-full wp-image-331\" alt=\"\" srcset=\"https:\/\/www.kimley-hornpr.com\/wp-content\/uploads\/2025\/09\/jose-garcia-betancourt.jpg 200w, https:\/\/www.kimley-hornpr.com\/wp-content\/uploads\/2025\/09\/jose-garcia-betancourt-150x150.jpg 150w\" sizes=\"(max-width: 200px) 100vw, 200px\" \/><\/figure><div class=\"elementor-image-box-content\"><h3 class=\"elementor-image-box-title\">JOS\u00c9 GARC\u00cdA BETANCOURT, PE<\/h3><p class=\"elementor-image-box-description\">Transporte<\/p><\/div><\/div>\t\t\t\t<\/div>\n\t\t\t\t<\/div>\n\t\t\t\t<\/div>\n\t\t<div class=\"elementor-element elementor-element-f4c5444 e-con-full e-flex e-con e-child\" data-id=\"f4c5444\" data-element_type=\"container\">\n\t\t\t\t<div class=\"elementor-element elementor-element-1bec1ed elementor-position-top elementor-widget elementor-widget-image-box\" data-id=\"1bec1ed\" data-element_type=\"widget\" data-widget_type=\"image-box.default\">\n\t\t\t\t<div class=\"elementor-widget-container\">\n\t\t\t\t\t<div class=\"elementor-image-box-wrapper\"><figure class=\"elementor-image-box-img\"><img loading=\"lazy\" decoding=\"async\" width=\"200\" height=\"200\" src=\"https:\/\/www.kimley-hornpr.com\/wp-content\/uploads\/2025\/09\/jose-rivera-rios.jpg\" class=\"attachment-full size-full wp-image-333\" alt=\"\" srcset=\"https:\/\/www.kimley-hornpr.com\/wp-content\/uploads\/2025\/09\/jose-rivera-rios.jpg 200w, https:\/\/www.kimley-hornpr.com\/wp-content\/uploads\/2025\/09\/jose-rivera-rios-150x150.jpg 150w\" sizes=\"(max-width: 200px) 100vw, 200px\" \/><\/figure><div class=\"elementor-image-box-content\"><h3 class=\"elementor-image-box-title\">JOS\u00c9 RIVERA <br>R\u00cdOS, PE<\/h3><p class=\"elementor-image-box-description\">Servicio de Desarrollo<\/p><\/div><\/div>\t\t\t\t<\/div>\n\t\t\t\t<\/div>\n\t\t\t\t<\/div>\n\t\t<div class=\"elementor-element elementor-element-aa992b2 e-con-full e-flex e-con e-child\" data-id=\"aa992b2\" data-element_type=\"container\">\n\t\t\t\t<div class=\"elementor-element elementor-element-78c75fb elementor-position-top elementor-widget elementor-widget-image-box\" data-id=\"78c75fb\" data-element_type=\"widget\" data-widget_type=\"image-box.default\">\n\t\t\t\t<div class=\"elementor-widget-container\">\n\t\t\t\t\t<div class=\"elementor-image-box-wrapper\"><figure class=\"elementor-image-box-img\"><img loading=\"lazy\" decoding=\"async\" width=\"200\" height=\"200\" src=\"https:\/\/www.kimley-hornpr.com\/wp-content\/uploads\/2025\/09\/yamil-rivera-hernandez.jpg\" class=\"attachment-full size-full wp-image-335\" alt=\"\" srcset=\"https:\/\/www.kimley-hornpr.com\/wp-content\/uploads\/2025\/09\/yamil-rivera-hernandez.jpg 200w, https:\/\/www.kimley-hornpr.com\/wp-content\/uploads\/2025\/09\/yamil-rivera-hernandez-150x150.jpg 150w\" sizes=\"(max-width: 200px) 100vw, 200px\" \/><\/figure><div class=\"elementor-image-box-content\"><h3 class=\"elementor-image-box-title\">YAMIL RIVERA HERN\u00c1NDEZ, PE<\/h3><p class=\"elementor-image-box-description\">Energ\u00eda \/ Transmisi\u00f3n y Distribuci\u00f3n de Energ\u00eda<\/p><\/div><\/div>\t\t\t\t<\/div>\n\t\t\t\t<\/div>\n\t\t\t\t<\/div>\n\t\t<div class=\"elementor-element elementor-element-b7e7373 e-con-full e-flex e-con e-child\" data-id=\"b7e7373\" data-element_type=\"container\">\n\t\t\t\t<div class=\"elementor-element elementor-element-f4144f4 elementor-position-top elementor-widget elementor-widget-image-box\" data-id=\"f4144f4\" data-element_type=\"widget\" data-widget_type=\"image-box.default\">\n\t\t\t\t<div class=\"elementor-widget-container\">\n\t\t\t\t\t<div class=\"elementor-image-box-wrapper\"><figure class=\"elementor-image-box-img\"><img loading=\"lazy\" decoding=\"async\" width=\"200\" height=\"200\" src=\"https:\/\/www.kimley-hornpr.com\/wp-content\/uploads\/2025\/09\/luis-costa-agosto.jpg\" class=\"attachment-full size-full wp-image-334\" alt=\"\" srcset=\"https:\/\/www.kimley-hornpr.com\/wp-content\/uploads\/2025\/09\/luis-costa-agosto.jpg 200w, https:\/\/www.kimley-hornpr.com\/wp-content\/uploads\/2025\/09\/luis-costa-agosto-150x150.jpg 150w\" sizes=\"(max-width: 200px) 100vw, 200px\" \/><\/figure><div class=\"elementor-image-box-content\"><h3 class=\"elementor-image-box-title\">LUIS COSTA <br>AGOSTO, PE<\/h3><p class=\"elementor-image-box-description\">Energ\u00edas Renovables<\/p><\/div><\/div>\t\t\t\t<\/div>\n\t\t\t\t<\/div>\n\t\t\t\t<\/div>\n\t\t<div class=\"elementor-element elementor-element-a91377e e-con-full e-flex e-con e-child\" data-id=\"a91377e\" data-element_type=\"container\">\n\t\t\t\t<\/div>\n\t\t\t\t\t<\/div>\n\t\t\t\t<\/div>\n\t\t<div class=\"elementor-element elementor-element-188f94c e-flex e-con-boxed e-con e-parent\" data-id=\"188f94c\" data-element_type=\"container\">\n\t\t\t\t\t<div class=\"e-con-inner\">\n\t\t\t\t<div class=\"elementor-element elementor-element-23a9076 elementor-widget elementor-widget-spacer\" data-id=\"23a9076\" data-element_type=\"widget\" data-widget_type=\"spacer.default\">\n\t\t\t\t<div class=\"elementor-widget-container\">\n\t\t\t\t\t\t\t<div class=\"elementor-spacer\">\n\t\t\t<div class=\"elementor-spacer-inner\"><\/div>\n\t\t<\/div>\n\t\t\t\t\t\t<\/div>\n\t\t\t\t<\/div>\n\t\t\t\t\t<\/div>\n\t\t\t\t<\/div>\n\t\t\t\t<\/div>\n\t\t","protected":false},"excerpt":{"rendered":"<p>Nuestro Equipo Sus socios locales para el \u00e9xito. En Kimley-Horn Puerto Rico, trabajamos para reducir su riesgo y ofrecemos gran valor en proyectos de infraestructura p\u00fablica o desarrollo privado. Durante los \u00faltimos 15 a\u00f1os, nuestra oficina local ha brindado resultados confiables: todos los proyectos se desarrollan, obtienen los permisos y se construyen con \u00e9xito, a [&hellip;]<\/p>\n","protected":false},"author":5,"featured_media":0,"parent":0,"menu_order":0,"comment_status":"closed","ping_status":"closed","template":"elementor_header_footer","meta":{"footnotes":""},"class_list":["post-368","page","type-page","status-publish","hentry"],"_links":{"self":[{"href":"https:\/\/www.kimley-hornpr.com\/es\/wp-json\/wp\/v2\/pages\/368","targetHints":{"allow":["GET"]}}],"collection":[{"href":"https:\/\/www.kimley-hornpr.com\/es\/wp-json\/wp\/v2\/pages"}],"about":[{"href":"https:\/\/www.kimley-hornpr.com\/es\/wp-json\/wp\/v2\/types\/page"}],"author":[{"embeddable":true,"href":"https:\/\/www.kimley-hornpr.com\/es\/wp-json\/wp\/v2\/users\/5"}],"replies":[{"embeddable":true,"href":"https:\/\/www.kimley-hornpr.com\/es\/wp-json\/wp\/v2\/comments?post=368"}],"version-history":[{"count":0,"href":"https:\/\/www.kimley-hornpr.com\/es\/wp-json\/wp\/v2\/pages\/368\/revisions"}],"wp:attachment":[{"href":"https:\/\/www.kimley-hornpr.com\/es\/wp-json\/wp\/v2\/media?parent=368"}],"curies":[{"name":"wp","href":"https:\/\/api.w.org\/{rel}","templated":true}]}}