{"id":61,"date":"2024-04-09T18:41:11","date_gmt":"2024-04-09T18:41:11","guid":{"rendered":"https:\/\/kimleyhornpdev.wpenginepowered.com\/sobre-nuestra\/"},"modified":"2025-12-04T21:23:56","modified_gmt":"2025-12-04T21:23:56","slug":"sobre-nosotros","status":"publish","type":"page","link":"https:\/\/www.kimley-hornpr.com\/es\/sobre-nosotros\/","title":{"rendered":"Sobre Nosotros"},"content":{"rendered":"\t\t<div data-elementor-type=\"wp-page\" data-elementor-id=\"61\" class=\"elementor elementor-61\" data-elementor-post-type=\"page\">\n\t\t\t\t<div class=\"elementor-element elementor-element-f5cc988 e-flex e-con-boxed e-con e-parent\" data-id=\"f5cc988\" data-element_type=\"container\" data-settings=\"{&quot;background_background&quot;:&quot;gradient&quot;}\">\n\t\t\t\t\t<div class=\"e-con-inner\">\n\t\t\t\t<div class=\"elementor-element elementor-element-c1c287b elementor-widget elementor-widget-heading\" data-id=\"c1c287b\" data-element_type=\"widget\" data-widget_type=\"heading.default\">\n\t\t\t\t<div class=\"elementor-widget-container\">\n\t\t\t\t\t<h2 class=\"elementor-heading-title elementor-size-default\">Sobre Nosotros<\/h2>\t\t\t\t<\/div>\n\t\t\t\t<\/div>\n\t\t\t\t\t<\/div>\n\t\t\t\t<\/div>\n\t\t<div class=\"elementor-element elementor-element-2285064 e-flex e-con-boxed e-con e-parent\" data-id=\"2285064\" data-element_type=\"container\" data-settings=\"{&quot;background_background&quot;:&quot;classic&quot;}\">\n\t\t\t\t\t<div class=\"e-con-inner\">\n\t\t\t\t<div class=\"elementor-element elementor-element-b051eb6 elementor-widget elementor-widget-heading\" data-id=\"b051eb6\" data-element_type=\"widget\" data-widget_type=\"heading.default\">\n\t\t\t\t<div class=\"elementor-widget-container\">\n\t\t\t\t\t<h2 class=\"elementor-heading-title elementor-size-default\">Kimley-Horn Puerto Rico \u2014 Su socio local para el \u00e9xito<\/h2>\t\t\t\t<\/div>\n\t\t\t\t<\/div>\n\t\t\t\t<div class=\"elementor-element elementor-element-b4956c5 elementor-widget elementor-widget-text-editor\" data-id=\"b4956c5\" data-element_type=\"widget\" data-widget_type=\"text-editor.default\">\n\t\t\t\t<div class=\"elementor-widget-container\">\n\t\t\t\t\t\t\t\t\t<p><span style=\"color: #a20c33;\"><strong>En Kimley-Horn Puerto Rico, LLC (KHPR)<\/strong><\/span>, contamos con un historial de proyectos exitosos en toda la Isla. Adem\u00e1s de los amplios recursos y la alta calidad de los servicios asociados con KHPR, <span style=\"color: #a20c33;\"><strong>sabemos c\u00f3mo lograr resultados en Puerto Rico. <\/strong><\/span><\/p>\t\t\t\t\t\t\t\t<\/div>\n\t\t\t\t<\/div>\n\t\t\t\t\t<\/div>\n\t\t\t\t<\/div>\n\t\t<div class=\"elementor-element elementor-element-c65f557 e-flex e-con-boxed e-con e-parent\" data-id=\"c65f557\" data-element_type=\"container\">\n\t\t\t\t\t<div class=\"e-con-inner\">\n\t\t<div class=\"elementor-element elementor-element-b36e484 e-con-full e-flex e-con e-child\" data-id=\"b36e484\" data-element_type=\"container\">\n\t\t\t\t<div class=\"elementor-element elementor-element-1b6e252 elementor-widget elementor-widget-spacer\" data-id=\"1b6e252\" data-element_type=\"widget\" data-widget_type=\"spacer.default\">\n\t\t\t\t<div class=\"elementor-widget-container\">\n\t\t\t\t\t\t\t<div class=\"elementor-spacer\">\n\t\t\t<div class=\"elementor-spacer-inner\"><\/div>\n\t\t<\/div>\n\t\t\t\t\t\t<\/div>\n\t\t\t\t<\/div>\n\t\t\t\t<div class=\"elementor-element elementor-element-f35958d elementor-widget elementor-widget-heading\" data-id=\"f35958d\" data-element_type=\"widget\" data-widget_type=\"heading.default\">\n\t\t\t\t<div class=\"elementor-widget-container\">\n\t\t\t\t\t<h3 class=\"elementor-heading-title elementor-size-default\">Donde los servicios multidisciplinarios se unen con el conocimiento local<\/h3>\t\t\t\t<\/div>\n\t\t\t\t<\/div>\n\t\t\t\t<div class=\"elementor-element elementor-element-aa5236e elementor-widget elementor-widget-text-editor\" data-id=\"aa5236e\" data-element_type=\"widget\" data-widget_type=\"text-editor.default\">\n\t\t\t\t<div class=\"elementor-widget-container\">\n\t\t\t\t\t\t\t\t\t<p>Kimley-Horn Puerto Rico es una firma de consultor\u00eda multidisciplinaria, que ofrece servicios integrales de dise\u00f1o, planificaci\u00f3n e ingenier\u00eda a clientes tanto del sector privado como del sector p\u00fablico.<\/p>\t\t\t\t\t\t\t\t<\/div>\n\t\t\t\t<\/div>\n\t\t\t\t<div class=\"elementor-element elementor-element-7cc9d8e elementor-widget elementor-widget-text-editor\" data-id=\"7cc9d8e\" data-element_type=\"widget\" data-widget_type=\"text-editor.default\">\n\t\t\t\t<div class=\"elementor-widget-container\">\n\t\t\t\t\t\t\t\t\t<p>KHPR cuenta con sobre 10,000 empleados y recursos en m\u00e1s de 150 oficinas de Kimley-Horn en Estados Unidos y el Caribe, ofreciendo una gama completa de servicios de consultor\u00eda a clientes locales, regionales, nacionales e internacionales.<\/p>\t\t\t\t\t\t\t\t<\/div>\n\t\t\t\t<\/div>\n\t\t\t\t<div class=\"elementor-element elementor-element-9c05b0d elementor-widget elementor-widget-button\" data-id=\"9c05b0d\" data-element_type=\"widget\" data-widget_type=\"button.default\">\n\t\t\t\t<div class=\"elementor-widget-container\">\n\t\t\t\t\t\t\t\t\t<div class=\"elementor-button-wrapper\">\n\t\t\t\t\t<a class=\"elementor-button elementor-button-link elementor-size-sm\" href=\"\/es\/servicios\/\">\n\t\t\t\t\t\t<span class=\"elementor-button-content-wrapper\">\n\t\t\t\t\t\t\t\t\t<span class=\"elementor-button-text\">Explore nuestra oferta de servicios<\/span>\n\t\t\t\t\t<\/span>\n\t\t\t\t\t<\/a>\n\t\t\t\t<\/div>\n\t\t\t\t\t\t\t\t<\/div>\n\t\t\t\t<\/div>\n\t\t\t\t<\/div>\n\t\t<div class=\"elementor-element elementor-element-723fc60 e-con-full e-flex e-con e-child\" data-id=\"723fc60\" data-element_type=\"container\">\n\t\t<div class=\"elementor-element elementor-element-0220df8 e-con-full e-flex e-con e-child\" data-id=\"0220df8\" data-element_type=\"container\">\n\t\t\t\t<div class=\"elementor-element elementor-element-5460390 elementor-widget elementor-widget-spacer\" data-id=\"5460390\" data-element_type=\"widget\" data-widget_type=\"spacer.default\">\n\t\t\t\t<div class=\"elementor-widget-container\">\n\t\t\t\t\t\t\t<div class=\"elementor-spacer\">\n\t\t\t<div class=\"elementor-spacer-inner\"><\/div>\n\t\t<\/div>\n\t\t\t\t\t\t<\/div>\n\t\t\t\t<\/div>\n\t\t\t\t<div class=\"elementor-element elementor-element-a73ff04 elementor-widget elementor-widget-heading\" data-id=\"a73ff04\" data-element_type=\"widget\" data-widget_type=\"heading.default\">\n\t\t\t\t<div class=\"elementor-widget-container\">\n\t\t\t\t\t<h3 class=\"elementor-heading-title elementor-size-default\">Experiencia en la que puede confiar<\/h3>\t\t\t\t<\/div>\n\t\t\t\t<\/div>\n\t\t\t\t<div class=\"elementor-element elementor-element-d732aa0 elementor-widget elementor-widget-text-editor\" data-id=\"d732aa0\" data-element_type=\"widget\" data-widget_type=\"text-editor.default\">\n\t\t\t\t<div class=\"elementor-widget-container\">\n\t\t\t\t\t\t\t\t\t<p>En KHPR, nos consideramos parte de su equipo. Nuestros 25 ingenieros, planificadores y han forjado fuertes relaciones en la Isla y mantienen un conocimiento s\u00f3lido del entorno regulatorio y de infraestructura. Con el rigor necesario para ofrecer resultados pr\u00e1cticos, nuestro equipo est\u00e1 comprometido con las necesidades \u00fanicas de su proyecto y completar la producci\u00f3n, el dise\u00f1o y la construcci\u00f3n de modo eficaz y econo\u00f3mico, encontrando maneras de superar sus expectativas en todo momento.<\/p>\t\t\t\t\t\t\t\t<\/div>\n\t\t\t\t<\/div>\n\t\t\t\t<\/div>\n\t\t<div class=\"elementor-element elementor-element-ccfa4b7 e-con-full e-flex e-con e-child\" data-id=\"ccfa4b7\" data-element_type=\"container\">\n\t\t\t\t<div class=\"elementor-element elementor-element-6bbcfc3 elementor-widget elementor-widget-heading\" data-id=\"6bbcfc3\" data-element_type=\"widget\" data-widget_type=\"heading.default\">\n\t\t\t\t<div class=\"elementor-widget-container\">\n\t\t\t\t\t<h3 class=\"elementor-heading-title elementor-size-default\">Servicio al Cliente: La Diferencia Kimley-Horn<\/h3>\t\t\t\t<\/div>\n\t\t\t\t<\/div>\n\t\t\t\t<div class=\"elementor-element elementor-element-494c8c7 elementor-widget elementor-widget-text-editor\" data-id=\"494c8c7\" data-element_type=\"widget\" data-widget_type=\"text-editor.default\">\n\t\t\t\t<div class=\"elementor-widget-container\">\n\t\t\t\t\t\t\t\t\t<p>De todas nuestras pasiones , el servicio al cliente es nuestra prioridad, y nuestra mayor satisfacci\u00f3n reside en su \u00e9xito. Preg\u00fantele a un empleado de Kimley-Horn Puerto Rico qu\u00e9 le gusta de su trabajo y seguramente le hablar\u00e1 de su pasi\u00f3n por encontrar soluciones innovadoras a los problemas de los clientes y por contribuir a que las comunidades sean m\u00e1s seguras, accesibles, con infraestructura s\u00f3lida y resilientes para las generaciones futuras.<\/p><p><span style=\"color: #a20c33;\"><strong>Nuestros clientes y comunidades son nuestra raz\u00f3n de ser. Y nos comprometemos a brindar un servicio excepcional que los haga felices de tenernos aqu\u00ed. Nos enorgullece decir que nuestros clientes son nuestra mejor recomendaci\u00f3n.<\/strong><\/span><\/p>\t\t\t\t\t\t\t\t<\/div>\n\t\t\t\t<\/div>\n\t\t\t\t<\/div>\n\t\t\t\t<div class=\"elementor-element elementor-element-bc0c6db elementor-widget elementor-widget-spacer\" data-id=\"bc0c6db\" data-element_type=\"widget\" data-widget_type=\"spacer.default\">\n\t\t\t\t<div class=\"elementor-widget-container\">\n\t\t\t\t\t\t\t<div class=\"elementor-spacer\">\n\t\t\t<div class=\"elementor-spacer-inner\"><\/div>\n\t\t<\/div>\n\t\t\t\t\t\t<\/div>\n\t\t\t\t<\/div>\n\t\t\t\t<\/div>\n\t\t\t\t\t<\/div>\n\t\t\t\t<\/div>\n\t\t\t\t<\/div>\n\t\t","protected":false},"excerpt":{"rendered":"<p>Sobre Nosotros Kimley-Horn Puerto Rico \u2014 Su socio local para el \u00e9xito En Kimley-Horn Puerto Rico, LLC (KHPR), contamos con un historial de proyectos exitosos en toda la Isla. Adem\u00e1s de los amplios recursos y la alta calidad de los servicios asociados con KHPR, sabemos c\u00f3mo lograr resultados en Puerto Rico. Donde los servicios multidisciplinarios [&hellip;]<\/p>\n","protected":false},"author":1,"featured_media":0,"parent":0,"menu_order":0,"comment_status":"closed","ping_status":"closed","template":"elementor_header_footer","meta":{"footnotes":""},"class_list":["post-61","page","type-page","status-publish","hentry"],"_links":{"self":[{"href":"https:\/\/www.kimley-hornpr.com\/es\/wp-json\/wp\/v2\/pages\/61","targetHints":{"allow":["GET"]}}],"collection":[{"href":"https:\/\/www.kimley-hornpr.com\/es\/wp-json\/wp\/v2\/pages"}],"about":[{"href":"https:\/\/www.kimley-hornpr.com\/es\/wp-json\/wp\/v2\/types\/page"}],"author":[{"embeddable":true,"href":"https:\/\/www.kimley-hornpr.com\/es\/wp-json\/wp\/v2\/users\/1"}],"replies":[{"embeddable":true,"href":"https:\/\/www.kimley-hornpr.com\/es\/wp-json\/wp\/v2\/comments?post=61"}],"version-history":[{"count":0,"href":"https:\/\/www.kimley-hornpr.com\/es\/wp-json\/wp\/v2\/pages\/61\/revisions"}],"wp:attachment":[{"href":"https:\/\/www.kimley-hornpr.com\/es\/wp-json\/wp\/v2\/media?parent=61"}],"curies":[{"name":"wp","href":"https:\/\/api.w.org\/{rel}","templated":true}]}}